{"id":171,"date":"2015-11-11T13:07:24","date_gmt":"2015-11-11T12:07:24","guid":{"rendered":"https:\/\/schwarzedameosterfeld.de\/?page_id=171"},"modified":"2024-06-17T18:16:00","modified_gmt":"2024-06-17T16:16:00","slug":"satzung-etc","status":"publish","type":"page","link":"https:\/\/schwarzedameosterfeld.de\/?page_id=171","title":{"rendered":"<span style=\"color: #f9e422;\">Mitgliedsbeitr\u00e4ge, Satzung, etc.<\/span>"},"content":{"rendered":"<hr>\n<p><span style=\"color: #000000;\"><strong>Die Mitgliedschaft ist 1 Jahr und verl\u00e4ngert sich automatisch.&nbsp;<\/strong><\/span><\/p>\n<p>Die Beitr\u00e4ge sind wie folgt gestaffelt:<br \/>\n\u2013 Kinder bis zum vollendeten 10. Lebensjahr 1,- Euro im Monat,<br \/>\n\u2013 Kinder bis zum vollendeten 14. Lebensjahr 2.- Euro im Monat,<br \/>\n\u2013 Jugendliche bis zum vollenden 19. Lebensjahr 3,- Euro im Monat,<br \/>\n\u2013 Erwachsene ab dem 20. Lebensjahr (passiv) 4,- Euro im Monat,<br \/>\n\u2013 Erwachsene ab dem 20. Lebensjahr (aktiv) 7,- Euro im Monat.<br \/>\nStudenten \u2013 h\u00f6chstens bis zum 25. Lebensjahr, Auszubildende, Sch\u00fcler, Mitglieder,<br \/>\ndie ein freiwilliges soziales Jahr absolvieren und Schwerbehinderte mit amtlichem<br \/>\nSchwerbehindertenausweis zahlen den Beitrag wie ein passiver Erwachsener.<br \/>\nBei sozialen Indikationen kann der Vorstand Beitragsfreistellungen gew\u00e4hren.<\/p>\n<p><span style=\"color: #000000;\"><strong>Zahlbar im voraus (halb- oder ganzj\u00e4hriger Beitrag)&nbsp;<\/strong><\/span><\/p>\n<p>&nbsp;<\/p>\n<p>SDO zahlt f\u00fcr <strong>jedes<\/strong> Mitglied &#8211;<span style=\"color: #000000;\"><em><strong>egal, ob aktiv oder passiv<\/strong><\/em><\/span>&#8211; folgende <span style=\"color: #ffff00;\"><strong>Jahresbeitr\u00e4ge <\/strong><\/span>an den <span style=\"color: #ffff00;\">Bezirk\/Verband\/NRW und Deutschen Schachbund<\/span>: Damit besteht eine Unfallversicherung \u00fcber die Sporthilfe NRW f\u00fcr unsere Mitglieder!<strong><br \/>\n<span style=\"color: #000000;\">Im Jahr, wenn am 1.1. gemeldet:<\/span><\/strong><br \/>\n0-9 Jahre: <strong>0,25\u20ac<\/strong> | 10-13: <strong>8,50\u20ac<\/strong> | 14-17: <strong>15,75\u20ac<\/strong> | ab 18: <strong>29,95\u20ac<\/strong><\/p>\n<p><strong>Bankverbindung: DE73 3101 0833 9912 5778 26<\/strong><\/p>\n<p>Die Mitgliedsbeitr\u00e4ge k\u00f6nnen auch explizit freitags am Vereinsspieltag beim 1.Vorsitzenden Bruno Fiori bar per Quittung entrichtet, sowohl f\u00fcr ein halbes Jahr als auch f\u00fcr ein Jahr, werden .<\/p>\n<ul>\n<li><strong><strong><a href=\"https:\/\/schwarzedameosterfeld.de\/wp-content\/uploads\/2015\/11\/Gr\u00fcndungsprotokoll.pdf\" target=\"_blank\" rel=\"noopener noreferrer\">Gr\u00fcndungsprotokoll&nbsp; SDO 1988<\/a><\/strong><\/strong><\/li>\n<li><strong><a href=\"https:\/\/schwarzedameosterfeld.de\/wp-content\/uploads\/2015\/11\/Satzung_SDO_1.pdf\" target=\"_blank\" rel=\"noopener noreferrer\">Satzung_SDO_Teil 1<\/a><\/strong><\/li>\n<li><strong><a href=\"https:\/\/schwarzedameosterfeld.de\/wp-content\/uploads\/2015\/11\/Satzung_SDO_2.pdf\" target=\"_blank\" rel=\"noopener noreferrer\">Satzung_SDO_Teil 2<\/a><\/strong><\/li>\n<li><strong><a href=\"https:\/\/schwarzedameosterfeld.de\/wp-content\/uploads\/2015\/11\/Satzung_SDO_3.pdf\" target=\"_blank\" rel=\"noopener noreferrer\">Satzung_SDO_Teil 3<\/a> <\/strong><\/li>\n<li><a href=\"https:\/\/schwarzedameosterfeld.de\/wp-content\/uploads\/2022\/12\/SDO.-neue-Satzung-ab-01.01.2023-3.pdf\">SDO. neue Satzung ab 01.01.2023 <\/a><\/li>\n<\/ul>\n","protected":false},"excerpt":{"rendered":"<p>Die Mitgliedschaft ist 1 Jahr und verl\u00e4ngert sich automatisch.&nbsp; Die Beitr\u00e4ge sind wie folgt gestaffelt: \u2013 Kinder bis zum vollendeten 10. Lebensjahr 1,- Euro im Monat, \u2013 Kinder bis zum [&hellip;]<\/p>\n","protected":false},"author":2,"featured_media":0,"parent":0,"menu_order":0,"comment_status":"closed","ping_status":"closed","template":"","meta":{"ngg_post_thumbnail":0,"footnotes":""},"class_list":["post-171","page","type-page","status-publish","hentry"],"_links":{"self":[{"href":"https:\/\/schwarzedameosterfeld.de\/index.php?rest_route=\/wp\/v2\/pages\/171","targetHints":{"allow":["GET"]}}],"collection":[{"href":"https:\/\/schwarzedameosterfeld.de\/index.php?rest_route=\/wp\/v2\/pages"}],"about":[{"href":"https:\/\/schwarzedameosterfeld.de\/index.php?rest_route=\/wp\/v2\/types\/page"}],"author":[{"embeddable":true,"href":"https:\/\/schwarzedameosterfeld.de\/index.php?rest_route=\/wp\/v2\/users\/2"}],"replies":[{"embeddable":true,"href":"https:\/\/schwarzedameosterfeld.de\/index.php?rest_route=%2Fwp%2Fv2%2Fcomments&post=171"}],"version-history":[{"count":10,"href":"https:\/\/schwarzedameosterfeld.de\/index.php?rest_route=\/wp\/v2\/pages\/171\/revisions"}],"predecessor-version":[{"id":11835,"href":"https:\/\/schwarzedameosterfeld.de\/index.php?rest_route=\/wp\/v2\/pages\/171\/revisions\/11835"}],"wp:attachment":[{"href":"https:\/\/schwarzedameosterfeld.de\/index.php?rest_route=%2Fwp%2Fv2%2Fmedia&parent=171"}],"curies":[{"name":"wp","href":"https:\/\/api.w.org\/{rel}","templated":true}]}}