{"id":2779,"date":"2018-05-22T11:04:58","date_gmt":"2018-05-22T09:04:58","guid":{"rendered":"https:\/\/schwarzedameosterfeld.de\/?page_id=2779"},"modified":"2020-02-23T17:03:46","modified_gmt":"2020-02-23T16:03:46","slug":"vereinsmeisterschaft-2018","status":"publish","type":"page","link":"https:\/\/schwarzedameosterfeld.de\/?page_id=2779","title":{"rendered":"<span style=\"color: #f9e422;\">Vereinsmeisterschaft 2018\/19<\/span>"},"content":{"rendered":"<p>Turnier \u2013 Modus: Vollrundig mit 1 Stunde Bedenkzeit pro Spieler;<br \/>\nPreise: Die ersten drei Pl\u00e4tze und zwei DWZ &#8211; Pl\u00e4tze: unter 1600 und unter 1400<\/p>\n<figure id=\"attachment_4120\" aria-describedby=\"caption-attachment-4120\" style=\"width: 200px\" class=\"wp-caption alignleft\"><a href=\"https:\/\/schwarzedameosterfeld.de\/wp-content\/uploads\/2019\/01\/DSC00508.jpg\"><img loading=\"lazy\" decoding=\"async\" class=\"wp-image-4120 size-medium\" src=\"https:\/\/schwarzedameosterfeld.de\/wp-content\/uploads\/2019\/01\/DSC00508-200x300.jpg\" alt=\"\" width=\"200\" height=\"300\" srcset=\"https:\/\/schwarzedameosterfeld.de\/wp-content\/uploads\/2019\/01\/DSC00508-200x300.jpg 200w, https:\/\/schwarzedameosterfeld.de\/wp-content\/uploads\/2019\/01\/DSC00508-768x1152.jpg 768w, https:\/\/schwarzedameosterfeld.de\/wp-content\/uploads\/2019\/01\/DSC00508-683x1024.jpg 683w, https:\/\/schwarzedameosterfeld.de\/wp-content\/uploads\/2019\/01\/DSC00508-100x150.jpg 100w, https:\/\/schwarzedameosterfeld.de\/wp-content\/uploads\/2019\/01\/DSC00508-150x225.jpg 150w, https:\/\/schwarzedameosterfeld.de\/wp-content\/uploads\/2019\/01\/DSC00508-300x450.jpg 300w, https:\/\/schwarzedameosterfeld.de\/wp-content\/uploads\/2019\/01\/DSC00508-450x675.jpg 450w, https:\/\/schwarzedameosterfeld.de\/wp-content\/uploads\/2019\/01\/DSC00508-600x900.jpg 600w, https:\/\/schwarzedameosterfeld.de\/wp-content\/uploads\/2019\/01\/DSC00508-900x1350.jpg 900w\" sizes=\"auto, (max-width: 200px) 100vw, 200px\" \/><\/a><figcaption id=\"caption-attachment-4120\" class=\"wp-caption-text\">Stadt- und Vereinsmeister Dr. Dragos Ciornei<\/figcaption><\/figure>\n<p><strong>Dr. Dragos Ciornei ist alter und neuer Vereinsmeister der Schwarzen Dame Osterfeld 1988!<br \/>\n<\/strong>Die Meisterschaft 2018\/19 konnte er fast mit bl\u00fctenwei\u00dfer Weste abschlie\u00dfen, nur ein Remis gegen Bernd Laudage hielt ihn davon ab. Ansonsten eilte er von Sieg zu Sieg insgesamt 11 waren es zum Schluss. Souver\u00e4ner kann man eine Meisterschaft nicht gewinnen.<br \/>\nHervorragend spielte dieses Jahr auch Bernd Laudage, der ohne Niederlage blieb, gab nur 3 Remis ab und erlangte den Vizevereinsmeistertitel der Osterfelder. Vereinsvorsitzender Bruno Fiori kam mit 8 Siegen und einem Remis auf dem 3. PLatz. Gefolgt von Arnold Bernsch, der Bernd Laudage einen Remis abkn\u00f6pfte und den verdienten 4. Platz erreichte. Neuzugang Helmut H\u00f6hn wurde F\u00fcnfter mit passablen 7 Punkten aus 11 Partien. Gastspieler Anton Droste vom Bottroper SV 1921 \u00fcberzeugte als Sechster mit 5 1\/2 Punkten. Den 1. DWZ &#8211; Preis Unter 1600 gewann J\u00fcrgen Cziczkus, der durch seinen \u00fcberraschenden Sieg gegen Arnold Bensch einen hervorragenden 7. Platz erreichte. Knapp dahinter auch mit 5 Punkten kam Dr. Christoph Kyritsis. Den 2. DWZ &#8211; Preis Unter 1400 heimste sich unser Altmeister G\u00fcnter Schnettler ein. Die weiteren Pl\u00e4tze belegten die beiden Gastspieler aus Bottrop Dr. Hermann K\u00f6sters und Werner Terwort. Wilfried K\u00f6nitz rundete das spannende Turnier ab.<\/p>\n<table class=\" alignleft\" style=\"width: 37.31%; height: 744px;\">\n<tbody>\n<tr style=\"height: 24px;\">\n<td style=\"width: 15.87%; height: 24px;\"><span style=\"font-size: 14px;\">Name<\/span><\/td>\n<td style=\"width: 9.24%; height: 24px;\"><span style=\"font-size: 14px;\">DWZ<\/span><\/td>\n<td style=\"width: 3.08%; height: 24px; text-align: center;\"><span style=\"font-size: 14px;\">1<\/span><\/td>\n<td style=\"width: 3.08%; height: 24px;\"><span style=\"font-size: 14px;\">2<\/span><\/td>\n<td style=\"width: 6.39%; height: 24px;\"><span style=\"font-size: 14px;\">3<\/span><\/td>\n<td style=\"width: 5.68%; height: 24px;\"><span style=\"font-size: 14px;\">4<\/span><\/td>\n<td style=\"width: 3.08%; height: 24px;\"><span style=\"font-size: 14px;\">5<\/span><\/td>\n<td style=\"width: 5.68%; height: 24px;\"><span style=\"font-size: 14px;\">6<\/span><\/td>\n<td style=\"width: 6.39%; height: 24px;\"><span style=\"font-size: 14px;\">7<\/span><\/td>\n<td style=\"width: 6.39%; height: 24px;\"><span style=\"font-size: 14px;\">8<\/span><\/td>\n<td style=\"width: 5.68%;\"><span style=\"font-size: 14px;\">9<\/span><\/td>\n<td style=\"width: 5.68%; height: 24px;\"><span style=\"font-size: 14px;\">10<\/span><\/td>\n<td style=\"width: 6.39%;\"><span style=\"font-size: 14px;\">11<\/span><\/td>\n<td style=\"width: 21.42%; height: 24px;\"><span style=\"font-size: 14px;\">12<\/span><\/td>\n<td style=\"width: 2.35%; height: 24px;\"><span style=\"font-size: 14px;\">Gesamt<\/span><\/td>\n<\/tr>\n<tr style=\"height: 24px;\">\n<td style=\"width: 15.87%; height: 24px;\"><span style=\"font-size: 14px;\">Bruno Fiori<\/span><\/td>\n<td style=\"width: 9.24%; height: 24px;\"><span style=\"font-size: 14px;\">&nbsp;1954<\/span><\/td>\n<td style=\"width: 3.08%; height: 24px; text-align: center;\"><span style=\"font-size: 14px;\">x<\/span><\/td>\n<td style=\"width: 3.08%; height: 24px;\"><span style=\"font-size: 14px;\">1<\/span><\/td>\n<td style=\"width: 6.39%; height: 24px; text-align: center;\">1<\/td>\n<td style=\"width: 5.68%; height: 24px; text-align: center;\">1<\/td>\n<td style=\"width: 3.08%; height: 24px; text-align: center;\">0<\/td>\n<td style=\"width: 5.68%; height: 24px; text-align: center;\"><span style=\"font-size: 14px;\">1<\/span><\/td>\n<td style=\"width: 6.39%; height: 24px;\">&nbsp;<\/td>\n<td style=\"width: 6.39%; height: 24px; text-align: center;\">1<\/td>\n<td style=\"width: 5.68%; height: 24px; text-align: center;\">1<\/td>\n<td style=\"width: 5.68%; height: 24px; text-align: center;\">1<\/td>\n<td style=\"width: 6.39%; height: 24px; text-align: center;\">1\/2<\/td>\n<td style=\"width: 21.42%; height: 24px; text-align: center;\"><span style=\"font-size: 14px;\">1<\/span><\/td>\n<td style=\"width: 2.35%; height: 24px; text-align: center;\">8 1\/2<\/td>\n<\/tr>\n<tr style=\"height: 48px;\">\n<td style=\"width: 15.87%; height: 48px;\"><span style=\"font-size: 14px;\">G\u00fcnter Schnettler<\/span><\/td>\n<td style=\"width: 9.24%; height: 48px;\"><span style=\"font-size: 14px;\">&nbsp;1318<\/span><\/td>\n<td style=\"width: 3.08%; height: 48px;\"><span style=\"font-size: 14px;\">0<\/span><\/td>\n<td style=\"width: 3.08%; height: 48px; text-align: center;\"><span style=\"font-size: 14px;\">x<\/span><\/td>\n<td style=\"width: 6.39%; height: 48px; text-align: center;\"><span style=\"font-size: 14px;\">0<\/span><\/td>\n<td style=\"width: 5.68%; height: 48px;\">0<\/td>\n<td style=\"width: 3.08%; height: 48px;\">0<\/td>\n<td style=\"width: 5.68%; height: 48px; text-align: center;\">0<\/td>\n<td style=\"width: 6.39%; height: 48px; text-align: center;\">0<\/td>\n<td style=\"width: 6.39%; height: 48px; text-align: center;\">1<\/td>\n<td style=\"width: 5.68%; height: 48px; text-align: center;\">0<\/td>\n<td style=\"width: 5.68%; height: 48px; text-align: center;\">1<\/td>\n<td style=\"width: 6.39%; height: 48px; text-align: center;\"><span style=\"font-size: 14px;\">0<\/span><\/td>\n<td style=\"width: 21.42%; height: 48px; text-align: center;\"><span style=\"font-size: 14px;\">1<\/span><\/td>\n<td style=\"width: 2.35%; height: 48px; text-align: center;\"><span style=\"font-size: 14px;\">3<\/span><\/td>\n<\/tr>\n<tr style=\"height: 24px;\">\n<td style=\"width: 15.87%; height: 24px;\"><span style=\"font-size: 14px;\">Helmut H\u00f6hn<\/span><\/td>\n<td style=\"width: 9.24%; height: 24px;\"><span style=\"font-size: 14px;\">&nbsp;1697<\/span><\/td>\n<td style=\"width: 3.08%; height: 24px;\">0<\/td>\n<td style=\"width: 3.08%; height: 24px;\"><span style=\"font-size: 14px;\">1<\/span><\/td>\n<td style=\"width: 6.39%; height: 24px; text-align: center;\"><span style=\"font-size: 14px;\">x<\/span><\/td>\n<td style=\"width: 5.68%; height: 24px;\"><span style=\"font-size: 14px;\">1<\/span><\/td>\n<td style=\"width: 3.08%; height: 24px; text-align: center;\">0<\/td>\n<td style=\"width: 5.68%; height: 24px; text-align: center;\">1<\/td>\n<td style=\"width: 6.39%; height: 24px;\">1\/2<\/td>\n<td style=\"width: 6.39%; height: 24px;\">1<\/td>\n<td style=\"width: 5.68%; height: 24px;\">1\/2<\/td>\n<td style=\"width: 5.68%; height: 24px;\"><span style=\"font-size: 14px;\">1<\/span><\/td>\n<td style=\"width: 6.39%; height: 24px; text-align: center;\"><span style=\"font-size: 14px;\">0<\/span><\/td>\n<td style=\"width: 21.42%; height: 24px; text-align: center;\"><span style=\"font-size: 14px;\">1<\/span><\/td>\n<td style=\"width: 2.35%; height: 24px; text-align: center;\">7<\/td>\n<\/tr>\n<tr style=\"height: 48px;\">\n<td style=\"width: 15.87%; height: 48px;\"><span style=\"font-size: 14px;\">J\u00fcrgen Cziczkus<\/span><\/td>\n<td style=\"width: 9.24%; height: 48px;\"><span style=\"font-size: 14px;\">&nbsp;1469<\/span><\/td>\n<td style=\"width: 3.08%; height: 48px;\">0<\/td>\n<td style=\"width: 3.08%; height: 48px;\">1<\/td>\n<td style=\"width: 6.39%; height: 48px; text-align: center;\"><span style=\"font-size: 14px;\">0<\/span><\/td>\n<td style=\"width: 5.68%; height: 48px; text-align: center;\"><span style=\"font-size: 14px;\">x<\/span><\/td>\n<td style=\"width: 3.08%; height: 48px; text-align: center;\">0<\/td>\n<td style=\"width: 5.68%; height: 48px; text-align: center;\">0<\/td>\n<td style=\"width: 6.39%; height: 48px; text-align: center;\">1<\/td>\n<td style=\"width: 6.39%; height: 48px; text-align: center;\">1<\/td>\n<td style=\"width: 5.68%; height: 48px;\"><span style=\"font-size: 14px;\">1\/2<\/span><\/td>\n<td style=\"width: 5.68%; height: 48px;\"><span style=\"font-size: 14px;\">1<\/span><\/td>\n<td style=\"width: 6.39%; height: 48px; text-align: center;\"><span style=\"font-size: 14px;\">0<\/span><\/td>\n<td style=\"width: 21.42%; height: 48px; text-align: center;\">1<\/td>\n<td style=\"width: 2.35%; height: 48px; text-align: center;\">5<span style=\"font-size: 14px;\"> 1\/2<\/span><\/td>\n<\/tr>\n<tr style=\"height: 48px;\">\n<td style=\"width: 15.87%; height: 48px;\"><span style=\"font-size: 14px;\">Dr . Dragos Ciornei<\/span><\/td>\n<td style=\"width: 9.24%; height: 48px;\"><span style=\"font-size: 14px;\">&nbsp;2105<\/span><\/td>\n<td style=\"width: 3.08%; height: 48px; text-align: center;\">1<\/td>\n<td style=\"width: 3.08%; height: 48px;\">1<\/td>\n<td style=\"width: 6.39%; height: 48px; text-align: center;\">1<\/td>\n<td style=\"width: 5.68%; height: 48px; text-align: center;\">1<\/td>\n<td style=\"width: 3.08%; height: 48px; text-align: center;\"><span style=\"font-size: 14px;\">x<\/span><\/td>\n<td style=\"width: 5.68%; height: 48px; text-align: center;\"><span style=\"font-size: 14px;\">1<\/span><\/td>\n<td style=\"width: 6.39%; height: 48px; text-align: center;\">1<\/td>\n<td style=\"width: 6.39%; height: 48px;\"><span style=\"font-size: 14px;\">1<\/span><\/td>\n<td style=\"width: 5.68%; height: 48px;\"><span style=\"font-size: 14px;\">1<\/span><\/td>\n<td style=\"width: 5.68%; height: 48px;\"><span style=\"font-size: 14px;\">1<\/span><\/td>\n<td style=\"width: 6.39%; height: 48px;\">1\/2<\/td>\n<td style=\"width: 21.42%; height: 48px; text-align: center;\">1<\/td>\n<td style=\"width: 2.35%; height: 48px; text-align: center;\"><span style=\"font-size: 14px;\">10 1\/2<\/span><\/td>\n<\/tr>\n<tr style=\"height: 48px;\">\n<td style=\"width: 15.87%; height: 48px;\"><span style=\"font-size: 14px;\">Dr. Cristoph Kyritsis<\/span><\/td>\n<td style=\"width: 9.24%; height: 48px;\"><span style=\"font-size: 14px;\">1586<\/span><\/td>\n<td style=\"width: 3.08%; height: 48px;\"><span style=\"font-size: 14px;\">0<\/span><\/td>\n<td style=\"width: 3.08%; height: 48px; text-align: center;\">1<\/td>\n<td style=\"width: 6.39%; height: 48px;\">1<\/td>\n<td style=\"width: 5.68%; height: 48px; text-align: center;\">0<\/td>\n<td style=\"width: 3.08%; height: 48px;\"><span style=\"font-size: 14px;\">0<\/span><\/td>\n<td style=\"width: 5.68%; height: 48px; text-align: center;\"><span style=\"font-size: 14px;\">x<\/span><\/td>\n<td style=\"width: 6.39%; height: 48px;\"><span style=\"font-size: 14px;\">0<\/span><\/td>\n<td style=\"width: 6.39%; height: 48px;\">&nbsp;<\/td>\n<td style=\"width: 5.68%; height: 48px;\"><span style=\"font-size: 14px;\">1<\/span><\/td>\n<td style=\"width: 5.68%; height: 48px;\"><span style=\"font-size: 14px;\">1\/2<\/span><\/td>\n<td style=\"width: 6.39%; height: 48px;\"><span style=\"font-size: 14px;\">0<\/span><\/td>\n<td style=\"width: 21.42%; height: 48px; text-align: center;\"><span style=\"font-size: 14px;\">1<\/span><\/td>\n<td style=\"width: 2.35%; height: 48px; text-align: center;\">4<span style=\"font-size: 14px;\"> 1\/2<\/span><\/td>\n<\/tr>\n<tr style=\"height: 24px;\">\n<td style=\"width: 15.87%; height: 24px;\"><span style=\"font-size: 14px;\">Arnold Bensch<\/span><\/td>\n<td style=\"width: 9.24%; height: 24px;\"><span style=\"font-size: 14px;\">&nbsp;1792<\/span><\/td>\n<td style=\"width: 3.08%; height: 24px;\">&nbsp;<\/td>\n<td style=\"width: 3.08%; height: 24px; text-align: center;\">1<\/td>\n<td style=\"width: 6.39%; height: 24px; text-align: center;\">1\/2<\/td>\n<td style=\"width: 5.68%; height: 24px; text-align: center;\">0<\/td>\n<td style=\"width: 3.08%; height: 24px; text-align: center;\">0<\/td>\n<td style=\"width: 5.68%; height: 24px;\"><span style=\"font-size: 14px;\">1<\/span><\/td>\n<td style=\"width: 6.39%; height: 24px; text-align: right;\"><span style=\"font-size: 14px;\">x<\/span><\/td>\n<td style=\"width: 6.39%; height: 24px;\"><span style=\"font-size: 14px;\">1<\/span><\/td>\n<td style=\"width: 5.68%; height: 24px;\"><span style=\"font-size: 14px;\">1<\/span><\/td>\n<td style=\"width: 5.68%; height: 24px;\"><span style=\"font-size: 14px;\">1<\/span><\/td>\n<td style=\"width: 6.39%; height: 24px;\">1\/2<\/td>\n<td style=\"width: 21.42%; height: 24px; text-align: center;\"><span style=\"font-size: 14px;\">1<\/span><\/td>\n<td style=\"width: 2.35%; height: 24px; text-align: center;\">7<\/td>\n<\/tr>\n<tr style=\"height: 24px;\">\n<td style=\"width: 15.87%; height: 24px;\"><span style=\"font-size: 14px;\">Wilfried K\u00f6nitz<\/span><\/td>\n<td style=\"width: 9.24%; height: 24px;\"><span style=\"font-size: 14px;\">&nbsp;1455<\/span><\/td>\n<td style=\"width: 3.08%; height: 24px; text-align: center;\">0<\/td>\n<td style=\"width: 3.08%; height: 24px; text-align: center;\">0<\/td>\n<td style=\"width: 6.39%; height: 24px; text-align: center;\">0<\/td>\n<td style=\"width: 5.68%; height: 24px;\">1\/2<\/td>\n<td style=\"width: 3.08%; height: 24px;\"><span style=\"font-size: 14px;\">0<\/span><\/td>\n<td style=\"width: 5.68%; height: 24px;\"><span style=\"font-size: 14px;\">0<\/span><\/td>\n<td style=\"width: 6.39%; height: 24px;\"><span style=\"font-size: 14px;\">0<\/span><\/td>\n<td style=\"width: 6.39%; height: 24px; text-align: center;\"><span style=\"font-size: 14px;\">x<\/span><\/td>\n<td style=\"width: 5.68%; height: 24px;\"><span style=\"font-size: 14px;\">0<\/span><\/td>\n<td style=\"width: 5.68%; height: 24px;\">0<\/td>\n<td style=\"width: 6.39%; height: 24px; text-align: center;\">0<\/td>\n<td style=\"width: 21.42%; height: 24px; text-align: center;\">0<\/td>\n<td style=\"width: 2.35%; height: 24px; text-align: center;\"><span style=\"font-size: 14px;\">1\/2<\/span><\/td>\n<\/tr>\n<tr style=\"height: 24px;\">\n<td style=\"width: 15.87%; height: 24px;\"><span style=\"font-size: 14px;\">Anton Droste<\/span><\/td>\n<td style=\"width: 9.24%; height: 24px;\"><span style=\"font-size: 14px;\">&nbsp;1622<\/span><\/td>\n<td style=\"width: 3.08%; height: 24px; text-align: center;\">0<\/td>\n<td style=\"width: 3.08%; height: 24px;\">&nbsp;<\/td>\n<td style=\"width: 6.39%; height: 24px; text-align: center;\">1\/2<\/td>\n<td style=\"width: 5.68%; height: 24px;\"><span style=\"font-size: 14px;\">1\/2<\/span><\/td>\n<td style=\"width: 3.08%; height: 24px;\"><span style=\"font-size: 14px;\">0<\/span><\/td>\n<td style=\"width: 5.68%; height: 24px;\"><span style=\"font-size: 14px;\">1\/2<\/span><\/td>\n<td style=\"width: 6.39%; height: 24px;\"><span style=\"font-size: 14px;\">0<\/span><\/td>\n<td style=\"width: 6.39%; height: 24px; text-align: center;\"><span style=\"font-size: 14px;\">1<\/span><\/td>\n<td style=\"width: 5.68%; height: 24px; text-align: center;\"><span style=\"font-size: 14px;\">x<\/span><\/td>\n<td style=\"width: 5.68%; height: 24px; text-align: center;\">1<\/td>\n<td style=\"width: 6.39%; height: 24px; text-align: center;\">0<\/td>\n<td style=\"width: 21.42%; height: 24px; text-align: center;\">1<\/td>\n<td style=\"width: 2.35%; height: 24px; text-align: center;\">5<span style=\"font-size: 14px;\"> 1\/2<\/span><\/td>\n<\/tr>\n<tr style=\"height: 48px;\">\n<td style=\"width: 15.87%; height: 48px;\"><span style=\"font-size: 14px;\">Dr. Hermann K\u00f6sters<\/span><\/td>\n<td style=\"width: 9.24%; height: 48px;\"><span style=\"font-size: 14px;\">&nbsp;1386<\/span><\/td>\n<td style=\"width: 3.08%; height: 48px;\">0<\/td>\n<td style=\"width: 3.08%; height: 48px; text-align: center;\">0<\/td>\n<td style=\"width: 6.39%; height: 48px;\"><span style=\"font-size: 14px;\">0<\/span><\/td>\n<td style=\"width: 5.68%; height: 48px;\"><span style=\"font-size: 14px;\">0<\/span><\/td>\n<td style=\"width: 3.08%; height: 48px;\"><span style=\"font-size: 14px;\">0<\/span><\/td>\n<td style=\"width: 5.68%; height: 48px;\"><span style=\"font-size: 14px;\">1\/2<\/span><\/td>\n<td style=\"width: 6.39%; height: 48px;\"><span style=\"font-size: 14px;\">0<\/span><\/td>\n<td style=\"width: 6.39%; height: 48px; text-align: center;\">1<\/td>\n<td style=\"width: 5.68%; height: 48px; text-align: center;\">0<\/td>\n<td style=\"width: 5.68%; height: 48px; text-align: center;\"><span style=\"font-size: 14px;\">x<\/span><\/td>\n<td style=\"width: 6.39%; height: 48px; text-align: center;\">0<\/td>\n<td style=\"width: 21.42%; height: 48px; text-align: center;\">1<\/td>\n<td style=\"width: 2.35%; height: 48px; text-align: center;\"><span style=\"font-size: 14px;\">2 1\/2<\/span><\/td>\n<\/tr>\n<tr style=\"height: 24px;\">\n<td style=\"width: 15.87%; height: 24px;\"><span style=\"font-size: 14px;\">Bernd Laudage<\/span><\/td>\n<td style=\"width: 9.24%; height: 24px;\"><span style=\"font-size: 14px;\">2012<\/span><\/td>\n<td style=\"width: 3.08%; height: 24px;\">1\/2<\/td>\n<td style=\"width: 3.08%; height: 24px;\"><span style=\"font-size: 14px;\">1<\/span><\/td>\n<td style=\"width: 6.39%; height: 24px;\"><span style=\"font-size: 14px;\">1<\/span><\/td>\n<td style=\"width: 5.68%; height: 24px;\"><span style=\"font-size: 14px;\">1<\/span><\/td>\n<td style=\"width: 3.08%; height: 24px;\">1\/2<\/td>\n<td style=\"width: 5.68%; height: 24px;\"><span style=\"font-size: 14px;\">1<\/span><\/td>\n<td style=\"width: 6.39%; height: 24px;\">1\/2<\/td>\n<td style=\"width: 6.39%; height: 24px; text-align: center;\">1<\/td>\n<td style=\"width: 5.68%; height: 24px; text-align: center;\">1<\/td>\n<td style=\"width: 5.68%; height: 24px; text-align: center;\">1<\/td>\n<td style=\"width: 6.39%; height: 24px; text-align: center;\"><span style=\"font-size: 14px;\">x<\/span><\/td>\n<td style=\"width: 21.42%; height: 24px; text-align: center;\">1<\/td>\n<td style=\"width: 2.35%; height: 24px; text-align: center;\">9<span style=\"font-size: 14px;\"> 1\/2<\/span><\/td>\n<\/tr>\n<tr style=\"height: 48px;\">\n<td style=\"width: 15.87%; height: 48px;\"><span style=\"font-size: 14px;\">Werner Terwort<\/span><\/td>\n<td style=\"width: 9.24%; height: 48px;\"><span style=\"font-size: 14px;\">1040<\/span><\/td>\n<td style=\"width: 3.08%; height: 48px;\"><span style=\"font-size: 14px;\">0<\/span><\/td>\n<td style=\"width: 3.08%; height: 48px;\"><span style=\"font-size: 14px;\">0<\/span><\/td>\n<td style=\"width: 6.39%; height: 48px; text-align: center;\"><span style=\"font-size: 14px;\">0<\/span><\/td>\n<td style=\"width: 5.68%; height: 48px; text-align: center;\">0<\/td>\n<td style=\"width: 3.08%; height: 48px; text-align: center;\">0<\/td>\n<td style=\"width: 5.68%; height: 48px;\"><span style=\"font-size: 14px;\">0<\/span><\/td>\n<td style=\"width: 6.39%; height: 48px;\"><span style=\"font-size: 14px;\">0<\/span><\/td>\n<td style=\"width: 6.39%; height: 48px; text-align: center;\">1<\/td>\n<td style=\"width: 5.68%; height: 48px; text-align: center;\">0<\/td>\n<td style=\"width: 5.68%; height: 48px; text-align: center;\">0<\/td>\n<td style=\"width: 6.39%; height: 48px; text-align: center;\">0<\/td>\n<td style=\"width: 21.42%; height: 48px; text-align: center;\"><span style=\"font-size: 14px;\">x<\/span><\/td>\n<td style=\"width: 2.35%; height: 48px; text-align: center;\"><span style=\"font-size: 14px;\">1<\/span><\/td>\n<\/tr>\n<\/tbody>\n<\/table>\n<p>&nbsp;<\/p>\n","protected":false},"excerpt":{"rendered":"<p>Turnier \u2013 Modus: Vollrundig mit 1 Stunde Bedenkzeit pro Spieler; Preise: Die ersten drei Pl\u00e4tze und zwei DWZ &#8211; Pl\u00e4tze: unter 1600 und unter 1400 Dr. Dragos Ciornei ist alter [&hellip;]<\/p>\n","protected":false},"author":2,"featured_media":0,"parent":18,"menu_order":0,"comment_status":"closed","ping_status":"closed","template":"","meta":{"ngg_post_thumbnail":0,"footnotes":""},"class_list":["post-2779","page","type-page","status-publish","hentry"],"_links":{"self":[{"href":"https:\/\/schwarzedameosterfeld.de\/index.php?rest_route=\/wp\/v2\/pages\/2779","targetHints":{"allow":["GET"]}}],"collection":[{"href":"https:\/\/schwarzedameosterfeld.de\/index.php?rest_route=\/wp\/v2\/pages"}],"about":[{"href":"https:\/\/schwarzedameosterfeld.de\/index.php?rest_route=\/wp\/v2\/types\/page"}],"author":[{"embeddable":true,"href":"https:\/\/schwarzedameosterfeld.de\/index.php?rest_route=\/wp\/v2\/users\/2"}],"replies":[{"embeddable":true,"href":"https:\/\/schwarzedameosterfeld.de\/index.php?rest_route=%2Fwp%2Fv2%2Fcomments&post=2779"}],"version-history":[{"count":0,"href":"https:\/\/schwarzedameosterfeld.de\/index.php?rest_route=\/wp\/v2\/pages\/2779\/revisions"}],"up":[{"embeddable":true,"href":"https:\/\/schwarzedameosterfeld.de\/index.php?rest_route=\/wp\/v2\/pages\/18"}],"wp:attachment":[{"href":"https:\/\/schwarzedameosterfeld.de\/index.php?rest_route=%2Fwp%2Fv2%2Fmedia&parent=2779"}],"curies":[{"name":"wp","href":"https:\/\/api.w.org\/{rel}","templated":true}]}}