{"id":3188,"date":"2018-08-01T14:58:08","date_gmt":"2018-08-01T12:58:08","guid":{"rendered":"https:\/\/schwarzedameosterfeld.de\/?page_id=3188"},"modified":"2020-02-29T18:56:19","modified_gmt":"2020-02-29T17:56:19","slug":"jugendliga","status":"publish","type":"page","link":"https:\/\/schwarzedameosterfeld.de\/?page_id=3188","title":{"rendered":"<span style=\"color: #f9e422;\">3. Mannschaft\/Jugendliga<\/span>"},"content":{"rendered":"<hr>\n<pre><span style=\"font-size: 14pt;\"><strong>Jugendliga Schachbezirk Emscher-Lippe <\/strong><\/span><br>\r\n<span style=\"font-size: 14pt;\"><strong>Schwarze Dame Osterfeld III\r\n<\/strong><\/span><\/pre>\n<p>Saison 2019\/20<\/p>\n<p><a href=\"https:\/\/nrw.svw.info\/ergebnisse\/show\/2019\/3159\/aufstellungen\/\" target=\"_blank\" rel=\"noopener noreferrer\">\u00dcbersicht Mannschaften<\/a><\/p>\n<p><a href=\"https:\/\/nrw.svw.info\/ergebnisse\/show\/2019\/3159\/\" target=\"_blank\" rel=\"noopener noreferrer\">Tabelle<\/a><\/p>\n<p><a href=\"https:\/\/nrw.svw.info\/ergebnisse\/show\/2019\/3159\/termin\/\" target=\"_blank\" rel=\"noopener noreferrer\">Termine<\/a><\/p>\n<ul>\n<li><strong>Mannschaftsf\u00fchrer: <\/strong>Bruno Fiori, Ostmarkstr. 26, 46117 Oberhausen,<br \/>\nTel.: 0208-896 231, E-Mail: <a href=\"mailto:brfiori1@aol.com\">brfiori1@aol.com<\/a><\/li>\n<li><strong>Postempf\u00e4nger:<\/strong> Bruno Fiori, Ostmarkstr. 26, 46117 Oberhausen,<br \/>\nTel.: 0208-896 231, E-Mail: <a href=\"mailto:brfiori1@aol.com\">brfiori1@aol.com<\/a><\/li>\n<li><strong>Sportst\u00e4tte:<\/strong> R\u00e4ume der Caritas, Kirchstr. 12, 46117 Oberhausen<\/li>\n<\/ul>\n<p>&nbsp;<\/p>\n<p>Mannschaftsaufstellung Saison 2019\/20<\/p>\n<h3>Losnr.: 8: Schwarze Dame Osterfeld 3 \u2014 VKZ: 61426<\/h3>\n<table class=\"aufstellung\" style=\"width: 100%;\" summary=\"Aufstellung von Schwarze Dame Osterfeld 3\">\n<thead>\n<tr>\n<th style=\"width: 8.48486%;\"><abbr title=\"Rangnummer\">Rang<\/abbr><\/th>\n<th class=\"ieSp2\" style=\"width: 24.4849%;\">Name<\/th>\n<th style=\"width: 10.0606%;\">Mgl-Nr.<\/th>\n<th style=\"width: 9.57576%;\">DWZ<\/th>\n<th class=\"dbl\" style=\"width: 7.87879%;\"><abbr title=\"Rangnummer\">Rang<\/abbr><\/th>\n<th class=\"ieSp2\" style=\"width: 21.9394%;\">Name<\/th>\n<th style=\"width: 10.0606%;\">Mgl-Nr.<\/th>\n<th style=\"width: 7.15152%;\">DWZ<\/th>\n<\/tr>\n<\/thead>\n<tbody>\n<tr class=\"odd\">\n<td style=\"width: 8.48486%;\">9<\/td>\n<td class=\"ieSp2\" style=\"width: 24.4849%;\">Volkmer, Jonas<\/td>\n<td style=\"width: 10.0606%;\">1048<\/td>\n<td style=\"width: 9.57576%;\">1065-2<\/td>\n<td class=\"dbl\" style=\"width: 7.87879%;\">19<\/td>\n<td class=\"ieSp2\" style=\"width: 21.9394%;\">Prokopp, Tim<\/td>\n<td style=\"width: 10.0606%;\">1049<\/td>\n<td style=\"width: 7.15152%;\">&nbsp;<\/td>\n<\/tr>\n<tr class=\"even\">\n<td style=\"width: 8.48486%;\">10<\/td>\n<td class=\"ieSp2\" style=\"width: 24.4849%;\">Brans, Rouven<\/td>\n<td style=\"width: 10.0606%;\">1031<\/td>\n<td style=\"width: 9.57576%;\">975-2<\/td>\n<td class=\"dbl\" style=\"width: 7.87879%;\">20<\/td>\n<td class=\"ieSp2\" style=\"width: 21.9394%;\">Akdeniz, Sahin<\/td>\n<td style=\"width: 10.0606%;\">1061<\/td>\n<td style=\"width: 7.15152%;\">&nbsp;<\/td>\n<\/tr>\n<tr class=\"odd\">\n<td style=\"width: 8.48486%;\">11<\/td>\n<td class=\"ieSp2\" style=\"width: 24.4849%;\">Peters, Leon<\/td>\n<td style=\"width: 10.0606%;\">1029<\/td>\n<td style=\"width: 9.57576%;\">846-2<\/td>\n<td class=\"dbl\" style=\"width: 7.87879%;\">21<\/td>\n<td class=\"ieSp2\" style=\"width: 21.9394%;\">Celikbay, Melissa<\/td>\n<td style=\"width: 10.0606%;\">1057<\/td>\n<td style=\"width: 7.15152%;\">&nbsp;<\/td>\n<\/tr>\n<tr class=\"even\">\n<td style=\"width: 8.48486%;\">12<\/td>\n<td class=\"ieSp2\" style=\"width: 24.4849%;\">Craigie, Leon<\/td>\n<td style=\"width: 10.0606%;\">1054<\/td>\n<td style=\"width: 9.57576%;\">897-1<\/td>\n<td class=\"dbl\" style=\"width: 7.87879%;\">22<\/td>\n<td class=\"ieSp2\" style=\"width: 21.9394%;\">Turan, S\u00fcmeyra<\/td>\n<td style=\"width: 10.0606%;\">1056<\/td>\n<td style=\"width: 7.15152%;\">&nbsp;<\/td>\n<\/tr>\n<tr class=\"odd\">\n<td style=\"width: 8.48486%;\">13<\/td>\n<td class=\"ieSp2\" style=\"width: 24.4849%;\">Craigie, Max<\/td>\n<td style=\"width: 10.0606%;\">1053<\/td>\n<td style=\"width: 9.57576%;\">&nbsp;<\/td>\n<td class=\"dbl\" style=\"width: 7.87879%;\">23<\/td>\n<td class=\"ieSp2\" style=\"width: 21.9394%;\">Koch, Oleg<\/td>\n<td style=\"width: 10.0606%;\">1055<\/td>\n<td style=\"width: 7.15152%;\">&nbsp;<\/td>\n<\/tr>\n<tr class=\"even\">\n<td style=\"width: 8.48486%;\">14<\/td>\n<td class=\"ieSp2\" style=\"width: 24.4849%;\">Buljina, Senedin<\/td>\n<td style=\"width: 10.0606%;\">1065<\/td>\n<td style=\"width: 9.57576%;\">&nbsp;<\/td>\n<td class=\"dbl\" style=\"width: 7.87879%;\">24<\/td>\n<td class=\"ieSp2\" style=\"width: 21.9394%;\">H\u00f6hn, Nico<\/td>\n<td style=\"width: 10.0606%;\">1064<\/td>\n<td style=\"width: 7.15152%;\">&nbsp;<\/td>\n<\/tr>\n<tr class=\"odd\">\n<td style=\"width: 8.48486%;\">15<\/td>\n<td class=\"ieSp2\" style=\"width: 24.4849%;\">Janson, Adrian<\/td>\n<td style=\"width: 10.0606%;\">1059<\/td>\n<td style=\"width: 9.57576%;\">&nbsp;<\/td>\n<td class=\"dbl\" style=\"width: 7.87879%;\">25<\/td>\n<td class=\"ieSp2\" style=\"width: 21.9394%;\">Alnayal, Caith<\/td>\n<td style=\"width: 10.0606%;\">1063<\/td>\n<td style=\"width: 7.15152%;\">&nbsp;<\/td>\n<\/tr>\n<tr class=\"even\">\n<td style=\"width: 8.48486%;\">16<\/td>\n<td class=\"ieSp2\" style=\"width: 24.4849%;\">Dierbach, Johannes<\/td>\n<td style=\"width: 10.0606%;\">1047<\/td>\n<td style=\"width: 9.57576%;\">&nbsp;<\/td>\n<td class=\"dbl\" style=\"width: 7.87879%;\">26<\/td>\n<td class=\"ieSp2\" style=\"width: 21.9394%;\">Prokopp, Justin<\/td>\n<td style=\"width: 10.0606%;\">1050<\/td>\n<td style=\"width: 7.15152%;\">&nbsp;<\/td>\n<\/tr>\n<tr class=\"odd\">\n<td style=\"width: 8.48486%;\">17<\/td>\n<td class=\"ieSp2\" style=\"width: 24.4849%;\">Stadler, David<\/td>\n<td style=\"width: 10.0606%;\">1051<\/td>\n<td style=\"width: 9.57576%;\">&nbsp;<\/td>\n<td class=\"dbl\" style=\"width: 7.87879%;\">27<\/td>\n<td class=\"ieSp2\" style=\"width: 21.9394%;\">Tatoglu, Esma<\/td>\n<td style=\"width: 10.0606%;\">1060<\/td>\n<td style=\"width: 7.15152%;\">&nbsp;<\/td>\n<\/tr>\n<tr class=\"even\">\n<td style=\"width: 8.48486%;\">18<\/td>\n<td class=\"ieSp2\" style=\"width: 24.4849%;\">H\u00f6hn, Yayden<\/td>\n<td style=\"width: 10.0606%;\">1058<\/td>\n<td style=\"width: 9.57576%;\">&nbsp;<\/td>\n<td class=\"dbl\" style=\"width: 7.87879%;\">28<\/td>\n<td class=\"ieSp2\" style=\"width: 21.9394%;\">Celikbay, Selina<\/td>\n<td style=\"width: 10.0606%;\">1062<\/td>\n<td style=\"width: 7.15152%;\">&nbsp;<\/td>\n<\/tr>\n<\/tbody>\n<tbody class=\"foot\">\n<tr>\n<td style=\"width: 99.6364%;\" colspan=\"8\">Mannschaftsf\u00fchrer: Bruno Fiori, Ostmarkstra\u00dfe 26, 46117 Oberhausen, Tel.: 0208 896231,<em>E-Mail:&nbsp;<\/em> <a href=\"mailto:brfiori1@aol.com\">brfiori1@aol.com<\/a><\/td>\n<\/tr>\n<tr>\n<td style=\"width: 99.6364%;\" colspan=\"8\">Postempf\u00e4nger: Bruno Fiori, Ostmarkstra\u00dfe 26, 46117 Oberhausen, Tel.: 0208 896231,<em>E-Mail:&nbsp;<\/em> <a href=\"mailto:brfiori1@aol.com\">brfiori1@aol.com<\/a><\/td>\n<\/tr>\n<tr>\n<td style=\"width: 99.6364%;\" colspan=\"8\">Sportst\u00e4tte: Caritas, Kirchstr. 12, 46117 Oberhausen<\/td>\n<\/tr>\n<\/tbody>\n<\/table>\n<pre>&nbsp;<\/pre>\n","protected":false},"excerpt":{"rendered":"<p>Jugendliga Schachbezirk Emscher-Lippe Schwarze Dame Osterfeld III Saison 2019\/20 \u00dcbersicht Mannschaften Tabelle Termine Mannschaftsf\u00fchrer: Bruno Fiori, Ostmarkstr. 26, 46117 Oberhausen, Tel.: 0208-896 231, E-Mail: brfiori1@aol.com Postempf\u00e4nger: Bruno Fiori, Ostmarkstr. 26, [&hellip;]<\/p>\n","protected":false},"author":2,"featured_media":0,"parent":0,"menu_order":0,"comment_status":"closed","ping_status":"closed","template":"","meta":{"ngg_post_thumbnail":0,"footnotes":""},"class_list":["post-3188","page","type-page","status-publish","hentry"],"_links":{"self":[{"href":"https:\/\/schwarzedameosterfeld.de\/index.php?rest_route=\/wp\/v2\/pages\/3188","targetHints":{"allow":["GET"]}}],"collection":[{"href":"https:\/\/schwarzedameosterfeld.de\/index.php?rest_route=\/wp\/v2\/pages"}],"about":[{"href":"https:\/\/schwarzedameosterfeld.de\/index.php?rest_route=\/wp\/v2\/types\/page"}],"author":[{"embeddable":true,"href":"https:\/\/schwarzedameosterfeld.de\/index.php?rest_route=\/wp\/v2\/users\/2"}],"replies":[{"embeddable":true,"href":"https:\/\/schwarzedameosterfeld.de\/index.php?rest_route=%2Fwp%2Fv2%2Fcomments&post=3188"}],"version-history":[{"count":0,"href":"https:\/\/schwarzedameosterfeld.de\/index.php?rest_route=\/wp\/v2\/pages\/3188\/revisions"}],"wp:attachment":[{"href":"https:\/\/schwarzedameosterfeld.de\/index.php?rest_route=%2Fwp%2Fv2%2Fmedia&parent=3188"}],"curies":[{"name":"wp","href":"https:\/\/api.w.org\/{rel}","templated":true}]}}