{"id":371,"date":"2016-02-16T14:06:52","date_gmt":"2016-02-16T13:06:52","guid":{"rendered":"https:\/\/schwarzedameosterfeld.de\/?page_id=371"},"modified":"2020-02-23T17:07:39","modified_gmt":"2020-02-23T16:07:39","slug":"jugendstadtmeister-seit-2001","status":"publish","type":"page","link":"https:\/\/schwarzedameosterfeld.de\/?page_id=371","title":{"rendered":"<span style=\"color: #f9e422;\">Jugendstadtmeister seit 1952<\/span>"},"content":{"rendered":"<hr>\n<h3><strong><span style=\"font-family: Arial,sans-serif;\">Recherche\/Zusammenstellung: Reinhard Gebauer, D-46119 Oberhausen<\/span><\/strong><\/h3>\n<p>Stadtjugendeinzelmeister Oberhausen\/Rheinland 1952-2018<br \/>\n<a href=\"#Aktuell\">Letzte 5 Jahre (nach unten)<\/a><br \/>\n1952 G\u00fcnter Schneider (Schachvereinigung &#8222;R\u00f6sselsprung&#8220; Sterkrade)<br \/>\n195_ M. W\u00f6lfer (Oberhausener Schachverein 1887)<br \/>\n1956* Manfred Enders (Schachklub Turm Osterfeld 1921)<br \/>\n1957* Fritz Kuckuck (vereinslos)<br \/>\n1961* Windheuser (Oberhausener Schachverein 1887)<br \/>\n1962-1963 nicht ausgetragen oder nicht nachweisbar<br \/>\n1964* Ehrlich (Schachfreunde Frintrop)<br \/>\n1965* Edgar Thur (Oberhausener Schachverein 1887)<br \/>\n1966* Edgar Thur (Oberhausener Schachverein 1887)<br \/>\n1967* Burkhard Hemmert (Oberhausener Schachverein 1887)<br \/>\n1968 -1970 nicht ausgetragen oder nicht nachweisbar<br \/>\n1971 Eike Vogt (Oberhausener Schachverein 1887)<br \/>\n1972-1976 nicht ausgetragen oder nicht nachweisbar<br \/>\n1977 Frank Taken (Schachklub Turm Osterfeld 1921)<br \/>\n1982-1988 nicht ausgetragen oder nicht nachweisbar<br \/>\n1989 Thomas Wessels (Oberhausener Schachverein 1887)<br \/>\n1991 Michael Seibert (Oberhausener Schachverein 1887)<br \/>\n2001 Ben Hoffmann (Oberhausener Schachverein 1887)<br \/>\n2002 Kirill Novojilow (Oberhausener Schachverein 1887)<br \/>\n2003 Ben Hoffmann (Oberhausener Schachverein 1887)<br \/>\n2004 Ben Hoffmann (Oberhausener Schachverein 1887)<br \/>\n2005 Ben Hoffmann (Oberhausener Schachverein 1887)<br \/>\n2006 Ben Hoffmann (Oberhausener Schachverein 1887)<br \/>\n2007 Robin Nierhaus (Schachverein Schwarz-Wei\u00df Oberhausen 51\/96)<br \/>\n2008 Philipp Neugebauer (Oberhausener Schachverein 1887)<br \/>\n2009 Pascal P\u00fctter (Schachverein Schwarz-Wei\u00df Oberhausen 51\/96)<br \/>\n2010 Nina Jansen (Oberhausener Schachverein 1887)<br \/>\n2011 Khoa Trinh (Schachverein Schwarz-Wei\u00df Oberhausen 51\/96)<br \/>\n2012 Kilian Kraus (Oberhausener Schachverein 1887)<\/p>\n<h2><a name=\"Aktuell\"><\/a>Aktuell<\/h2>\n<p>2013 Max-Peter Bartelt (Schachverein M\u00fclheim Nord 1931)<br \/>\n2014 Kilian Kraus (Oberhausener Schachverein 1887)<br \/>\n2015 Jens-Stefan Kyas (Schachverein Schwarz-Wei\u00df Oberhausen 51\/96)<br \/>\n2016 Niklas Kohl (Oberhausener Schachverein 1887)<br \/>\n2017 Jens-Stefan Kyas (Schachverein Schwarz-Wei\u00df Oberhausen 51\/96)<br \/>\n2018 Max-Peter Bartelt (Schachverein M\u00fclheim Nord 1931)<br \/>\n2019 Larissa Barruta (Schachverein Schwarz-Wei\u00df Oberhausen 51\/96)<\/p>\n<p>* Stadtjugendeinzelmeister und zugleich Bezirksjugendeinzelmeister des damals selbstst\u00e4ndigen Schachbezirks Oberhausen<br \/>\nRecherche\/Zusammenstellung: Reinhard Gebauer, D-46119 Oberhausen<\/p>\n","protected":false},"excerpt":{"rendered":"<p>Recherche\/Zusammenstellung: Reinhard Gebauer, D-46119 Oberhausen Stadtjugendeinzelmeister Oberhausen\/Rheinland 1952-2018 Letzte 5 Jahre (nach unten) 1952 G\u00fcnter Schneider (Schachvereinigung &#8222;R\u00f6sselsprung&#8220; Sterkrade) 195_ M. W\u00f6lfer (Oberhausener Schachverein 1887) 1956* Manfred Enders (Schachklub Turm [&hellip;]<\/p>\n","protected":false},"author":2,"featured_media":0,"parent":0,"menu_order":0,"comment_status":"closed","ping_status":"closed","template":"","meta":{"ngg_post_thumbnail":0,"footnotes":""},"class_list":["post-371","page","type-page","status-publish","hentry"],"_links":{"self":[{"href":"https:\/\/schwarzedameosterfeld.de\/index.php?rest_route=\/wp\/v2\/pages\/371","targetHints":{"allow":["GET"]}}],"collection":[{"href":"https:\/\/schwarzedameosterfeld.de\/index.php?rest_route=\/wp\/v2\/pages"}],"about":[{"href":"https:\/\/schwarzedameosterfeld.de\/index.php?rest_route=\/wp\/v2\/types\/page"}],"author":[{"embeddable":true,"href":"https:\/\/schwarzedameosterfeld.de\/index.php?rest_route=\/wp\/v2\/users\/2"}],"replies":[{"embeddable":true,"href":"https:\/\/schwarzedameosterfeld.de\/index.php?rest_route=%2Fwp%2Fv2%2Fcomments&post=371"}],"version-history":[{"count":0,"href":"https:\/\/schwarzedameosterfeld.de\/index.php?rest_route=\/wp\/v2\/pages\/371\/revisions"}],"wp:attachment":[{"href":"https:\/\/schwarzedameosterfeld.de\/index.php?rest_route=%2Fwp%2Fv2%2Fmedia&parent=371"}],"curies":[{"name":"wp","href":"https:\/\/api.w.org\/{rel}","templated":true}]}}