{"id":5457,"date":"2019-05-31T23:02:43","date_gmt":"2019-05-31T21:02:43","guid":{"rendered":"https:\/\/schwarzedameosterfeld.de\/?page_id=5457"},"modified":"2020-02-23T16:53:33","modified_gmt":"2020-02-23T15:53:33","slug":"jugendopen-2019","status":"publish","type":"page","link":"https:\/\/schwarzedameosterfeld.de\/?page_id=5457","title":{"rendered":"<span style=\"color: #f9e422;\">JugendOpen 2019<\/span>"},"content":{"rendered":"<ol>\n<li><strong>Platz:<\/strong> Luisa Bashylina, WCM, DWZ 1933, Deutsche Meisterin U14, SG Solingen<\/li>\n<li><strong>Platz:<\/strong> Nils Berresheim, DWZ 1550, SF Essen-Katernberg<\/li>\n<li><strong>Platz:<\/strong> Alexander Krastev, FM, ELO 2343, Deutscher Meister U14, Biebertaler SF, in Hessen<\/li>\n<\/ol>\n<figure id=\"attachment_6313\" class=\"wp-caption alignnone\" aria-describedby=\"caption-attachment-6313\">\n<figure id=\"attachment_6313\" aria-describedby=\"caption-attachment-6313\" style=\"width: 300px\" class=\"wp-caption alignnone\"><a href=\"https:\/\/schwarzedameosterfeld.de\/wp-content\/uploads\/2019\/09\/JugendOpen2019_71.jpg\"><img loading=\"lazy\" decoding=\"async\" class=\"wp-image-6313 size-medium\" src=\"https:\/\/schwarzedameosterfeld.de\/wp-content\/uploads\/2019\/09\/JugendOpen2019_71-300x168.jpg\" sizes=\"auto, (max-width: 300px) 100vw, 300px\" srcset=\"https:\/\/schwarzedameosterfeld.de\/wp-content\/uploads\/2019\/09\/JugendOpen2019_71-300x168.jpg 300w, https:\/\/schwarzedameosterfeld.de\/wp-content\/uploads\/2019\/09\/JugendOpen2019_71-768x431.jpg 768w, https:\/\/schwarzedameosterfeld.de\/wp-content\/uploads\/2019\/09\/JugendOpen2019_71-1024x575.jpg 1024w, https:\/\/schwarzedameosterfeld.de\/wp-content\/uploads\/2019\/09\/JugendOpen2019_71-400x224.jpg 400w\" alt=\"\" width=\"300\" height=\"168\"><\/a><figcaption id=\"caption-attachment-6313\" class=\"wp-caption-text\"><span style=\"color: yellow;\">v.li. Nils, Luisa und Alexander, Platz 2, 1, 3<\/span><\/figcaption><\/figure><figcaption id=\"caption-attachment-6313\" class=\"wp-caption-text\"><\/figcaption><\/figure>\n<p><a href=\"https:\/\/schwarzedameosterfeld.de\/?page_id=6403\" rel=\"noopener noreferrer\">Direkt zur Fotoalbum<\/a> vom JugendOpen.<br \/>\n(Download: 1x klicken, Foto gro\u00df, re. Maustaste\/\u201dGrafik speichern unter\u201d)<\/p>\n<div class=\"view-area\">\n<div class=\"table-list\">\n<div class=\"table-item\"><a class=\"table-ref\" title=\"Tabelle anzeigen\">JugendOpen_2019_Teilnehmer<\/a><\/div>\n<\/div>\n<\/div>\n<div class=\"view-area\">\n<div class=\"table-list\">\n<div class=\"table-item\"><a class=\"table-ref\" title=\"Tabelle anzeigen\">JugendOpen_2019_Rangliste<\/a><\/div>\n<div>\n<h2><span style=\"color: yellow;\">Der Deutscher Meister und auch die Meisterin U14 im Schach spielten beim feinen JugendOpen der Schwarzen Dame Osterfeld 1988 erfolgreich, wobei FM Alexander Krastev (ELO 2343) als hoher Favorit etwas unter die R\u00e4der kam!<\/span><\/h2>\n<p>Das \u201eK\u00f6nigreich\u201c Osterfeld konnte 34 Teilnehmer aus 20 St\u00e4dten, Niederlande, Hessen, Rhein-Sieg Kreis, K\u00f6ln, nat\u00fcrlich auch das Ruhrgebiet begr\u00fc\u00dfen, davon 8 Kinder von SDO. <!--more--><\/p>\n<figure id=\"attachment_6357\" aria-describedby=\"caption-attachment-6357\" style=\"width: 150px\" class=\"wp-caption alignleft\"><a href=\"https:\/\/schwarzedameosterfeld.de\/wp-content\/uploads\/2019\/09\/Summer.jpg\"><img loading=\"lazy\" decoding=\"async\" class=\"wp-image-6357 size-thumbnail\" src=\"https:\/\/schwarzedameosterfeld.de\/wp-content\/uploads\/2019\/09\/Summer-150x150.jpg\" alt=\"\" width=\"150\" height=\"150\"><\/a><figcaption id=\"caption-attachment-6357\" class=\"wp-caption-text\"><span style=\"color: yellow;\">Summer<\/span><\/figcaption><\/figure>\n<p>Es ist wohl das erste Mal, dass amtierende deutsche Jugendmeister bei einem Schachturnier in Oberhausen mitspielten.<br \/>\nUnser j\u00fcngster Teilnehmer (Sonderpokal) dieses Jahr, Felix Limbourg vom SV M\u00fclheim-Nord, wird am Montag erst 5! Auch Summer Skawran vom Kinderschachclub der AWO-Oberhausen konnten wir willkommen hei\u00dfen.<\/p>\n<figure id=\"attachment_6361\" aria-describedby=\"caption-attachment-6361\" style=\"width: 300px\" class=\"wp-caption alignleft\"><a href=\"https:\/\/schwarzedameosterfeld.de\/wp-content\/uploads\/2019\/09\/Manfred_Bruno.jpg\"><img loading=\"lazy\" decoding=\"async\" class=\"wp-image-6361 size-medium\" src=\"https:\/\/schwarzedameosterfeld.de\/wp-content\/uploads\/2019\/09\/Manfred_Bruno-300x288.jpg\" alt=\"\" width=\"300\" height=\"288\" srcset=\"https:\/\/schwarzedameosterfeld.de\/wp-content\/uploads\/2019\/09\/Manfred_Bruno-300x288.jpg 300w, https:\/\/schwarzedameosterfeld.de\/wp-content\/uploads\/2019\/09\/Manfred_Bruno-768x736.jpg 768w, https:\/\/schwarzedameosterfeld.de\/wp-content\/uploads\/2019\/09\/Manfred_Bruno-1024x982.jpg 1024w, https:\/\/schwarzedameosterfeld.de\/wp-content\/uploads\/2019\/09\/Manfred_Bruno-400x383.jpg 400w, https:\/\/schwarzedameosterfeld.de\/wp-content\/uploads\/2019\/09\/Manfred_Bruno.jpg 1062w\" sizes=\"auto, (max-width: 300px) 100vw, 300px\" \/><\/a><figcaption id=\"caption-attachment-6361\" class=\"wp-caption-text\"><span style=\"color: yellow;\">Manfred Gregorius SSB, Bruno Fiori SDO<\/span><\/figcaption><\/figure>\n<p>Nachdem Manfred Gregorius (Pr\u00e4sident SSB) und Bruno Fiori (Vorsitzender SDO) das Open gegen 11.30 Uhr er\u00f6ffneten, kam \u00fcberraschend schnell Ruhe auf. Es roch nach Konzentration.<br \/>\nVon oben gesehen war bis zur f\u00fcnften Runde alles klar, Luisa Bashylina, WCM, ELO\/DWZ 1933 (amt. Deutsche Meisterin U14, SG Solingen) und Alexander Krastev, FM, ELO 2343 (DWZ 2300, amt. Deutscher Meister U14, Biebertaler SF, in Hessen) lagen mit 4 Punkten aus 4 Runden vorne, trennten sich in der 5. Runde dann freundschaftlich mit einem Remis. In der 6. Runde traf dann Alexander mit Schwarz auf Lennart Faber, ELO 1724, Oberhausener Schachverein von 1887.<br \/>\nUnd die Sensation:<\/p>\n<figure id=\"attachment_6358\" aria-describedby=\"caption-attachment-6358\" style=\"width: 300px\" class=\"wp-caption alignleft\"><a href=\"https:\/\/schwarzedameosterfeld.de\/wp-content\/uploads\/2019\/09\/Lennart.jpg\"><img loading=\"lazy\" decoding=\"async\" class=\"wp-image-6358 size-medium\" src=\"https:\/\/schwarzedameosterfeld.de\/wp-content\/uploads\/2019\/09\/Lennart-300x225.jpg\" alt=\"\" width=\"300\" height=\"225\" srcset=\"https:\/\/schwarzedameosterfeld.de\/wp-content\/uploads\/2019\/09\/Lennart-300x225.jpg 300w, https:\/\/schwarzedameosterfeld.de\/wp-content\/uploads\/2019\/09\/Lennart-768x575.jpg 768w, https:\/\/schwarzedameosterfeld.de\/wp-content\/uploads\/2019\/09\/Lennart-1024x767.jpg 1024w, https:\/\/schwarzedameosterfeld.de\/wp-content\/uploads\/2019\/09\/Lennart-400x299.jpg 400w, https:\/\/schwarzedameosterfeld.de\/wp-content\/uploads\/2019\/09\/Lennart.jpg 1416w\" sizes=\"auto, (max-width: 300px) 100vw, 300px\" \/><\/a><figcaption id=\"caption-attachment-6358\" class=\"wp-caption-text\"><span style=\"color: yellow;\">Lennart<\/span><\/figcaption><\/figure>\n<p>Lennart spielte wie ein L\u00f6we und bewies, dass dieses Tier der K\u00f6nig unter den Tieren ist. 1:0 gegen den amtierenden U14 Meister trotz mehrfachen Klassenunterschied!<br \/>\nLuisa gewann dagegen und f\u00fchrte jetzt das Feld mit 5 \u00bd aus 6 an. Im Hintergrund lauerte jetzt auch Lennart als st\u00e4rkster Vertreter Oberhausens mit 5 aus 6.<br \/>\nDoch Murphys Gesetz: Luisa und Alexander punkteten in der letzten Runde w\u00e4hrend Lennart ein Fehler mit nachfolgender Niederlage unterlief. Ihm sei der 4. Platz geg\u00f6nnt.<br \/>\nLuisa gewann das Open mit 6 aus 7, vom zweiten Platz getrennt durch bessere Feinwertung. Nils Berresheim vom SF Essen-Katernberg, DWZ 1550, sicherte sich mit 6 aus 7 den zweiten Platz direkt vor FM Alexander Krastev mit 5 \u00bd aus 7.<br \/>\nDiese Turnierleistung ist \u00fcbrigens 1563 bei einer DWZ von 2304. F\u00fcr die Profis: 1. Feinwertung war die Ratingleistung\u2026..Zum Turniersieg geht nur 7 aus 7 bei dieser DWZ.<\/p>\n<figure id=\"attachment_6316\" aria-describedby=\"caption-attachment-6316\" style=\"width: 300px\" class=\"wp-caption alignnone\"><a href=\"https:\/\/schwarzedameosterfeld.de\/wp-content\/uploads\/2019\/09\/JugendOpen2019_102.jpg\"><img loading=\"lazy\" decoding=\"async\" class=\"wp-image-6316 size-medium\" src=\"https:\/\/schwarzedameosterfeld.de\/wp-content\/uploads\/2019\/09\/JugendOpen2019_102-300x168.jpg\" alt=\"\" width=\"300\" height=\"168\" srcset=\"https:\/\/schwarzedameosterfeld.de\/wp-content\/uploads\/2019\/09\/JugendOpen2019_102-300x168.jpg 300w, https:\/\/schwarzedameosterfeld.de\/wp-content\/uploads\/2019\/09\/JugendOpen2019_102-768x431.jpg 768w, https:\/\/schwarzedameosterfeld.de\/wp-content\/uploads\/2019\/09\/JugendOpen2019_102-1024x575.jpg 1024w, https:\/\/schwarzedameosterfeld.de\/wp-content\/uploads\/2019\/09\/JugendOpen2019_102-400x224.jpg 400w, https:\/\/schwarzedameosterfeld.de\/wp-content\/uploads\/2019\/09\/JugendOpen2019_102.jpg 1900w\" sizes=\"auto, (max-width: 300px) 100vw, 300px\" \/><\/a><figcaption id=\"caption-attachment-6316\" class=\"wp-caption-text\"><span style=\"color: yellow;\">Gangsta_SDO, Melissa fehlt.<\/span><\/figcaption><\/figure>\n<p>Der Kader der Schwarzen Dame wurde mit dem 11. Platz von Rouven Brans (4,5 aus 7) angef\u00fchrt. Nachfolgend Leon Craigie (22.), Senedin Buljina (25.), David Stadler (26.), Adrian Janson (27.), Max Craigie (30.), Melissa Celikbay (32.) und Sahin Akdeniz (33.).<br \/>\nManche haben erst vor einem halben Jahr Schach gelernt. Andere spielten \u00fcber ihre Spielst\u00e4rke. Die Jugendarbeit von der Schwarzen Dame Osterfeld hat schlie\u00dflich einen Ruf im Bezirk.<\/p>\n<p>Wir bedanken uns bei der Orga-Crew, Turnierleitung und Schiedsrichtern und ja allen Helfern; hoppla, nat\u00fcrlich bei den Teilnehmern\/G\u00e4sten zuerst.<br \/>\nManfred Gregorius vom SSB avisierte uns t\u00e4tige Hilfe bei der Suche einer gr\u00f6\u00dferen Lokalit\u00e4t f\u00fcr mehr Spieler im n\u00e4chsten Jahr (Osterfeld, logisch). Daf\u00fcr Danke.<\/p>\n<p>Geehrte Schachspieler\/G\u00e4ste, bis zum 5. JugendOpen der Schwarzen Dame.<\/p>\n<p>&nbsp;<\/p>\n<\/div>\n<\/div>\n<\/div>\n<p><!--more--><\/p>\n","protected":false},"excerpt":{"rendered":"<p>Platz: Luisa Bashylina, WCM, DWZ 1933, Deutsche Meisterin U14, SG Solingen Platz: Nils Berresheim, DWZ 1550, SF Essen-Katernberg Platz: Alexander Krastev, FM, ELO 2343, Deutscher Meister U14, Biebertaler SF, in [&hellip;]<\/p>\n","protected":false},"author":2,"featured_media":0,"parent":0,"menu_order":0,"comment_status":"closed","ping_status":"closed","template":"","meta":{"ngg_post_thumbnail":0,"footnotes":""},"class_list":["post-5457","page","type-page","status-publish","hentry"],"_links":{"self":[{"href":"https:\/\/schwarzedameosterfeld.de\/index.php?rest_route=\/wp\/v2\/pages\/5457","targetHints":{"allow":["GET"]}}],"collection":[{"href":"https:\/\/schwarzedameosterfeld.de\/index.php?rest_route=\/wp\/v2\/pages"}],"about":[{"href":"https:\/\/schwarzedameosterfeld.de\/index.php?rest_route=\/wp\/v2\/types\/page"}],"author":[{"embeddable":true,"href":"https:\/\/schwarzedameosterfeld.de\/index.php?rest_route=\/wp\/v2\/users\/2"}],"replies":[{"embeddable":true,"href":"https:\/\/schwarzedameosterfeld.de\/index.php?rest_route=%2Fwp%2Fv2%2Fcomments&post=5457"}],"version-history":[{"count":0,"href":"https:\/\/schwarzedameosterfeld.de\/index.php?rest_route=\/wp\/v2\/pages\/5457\/revisions"}],"wp:attachment":[{"href":"https:\/\/schwarzedameosterfeld.de\/index.php?rest_route=%2Fwp%2Fv2%2Fmedia&parent=5457"}],"curies":[{"name":"wp","href":"https:\/\/api.w.org\/{rel}","templated":true}]}}