{"id":677,"date":"2016-05-10T15:41:35","date_gmt":"2016-05-10T13:41:35","guid":{"rendered":"https:\/\/schwarzedameosterfeld.de\/?page_id=677"},"modified":"2020-02-23T16:55:16","modified_gmt":"2020-02-23T15:55:16","slug":"jugendopen","status":"publish","type":"page","link":"https:\/\/schwarzedameosterfeld.de\/?page_id=677","title":{"rendered":"<span style=\"color: #f9e422;\">Jugend-Open 2016<\/span>"},"content":{"rendered":"<figure id=\"attachment_862\" aria-describedby=\"caption-attachment-862\" style=\"width: 576px\" class=\"wp-caption alignleft\"><a href=\"https:\/\/schwarzedameosterfeld.de\/wp-content\/uploads\/2016\/08\/Jugendturnier201643.jpg\"><img loading=\"lazy\" decoding=\"async\" class=\"wp-image-862 size-large\" src=\"https:\/\/schwarzedameosterfeld.de\/wp-content\/uploads\/2016\/08\/Jugendturnier201643-576x1024.jpg\" alt=\"Jugendturnier201643\" width=\"576\" height=\"1024\" srcset=\"https:\/\/schwarzedameosterfeld.de\/wp-content\/uploads\/2016\/08\/Jugendturnier201643-576x1024.jpg 576w, https:\/\/schwarzedameosterfeld.de\/wp-content\/uploads\/2016\/08\/Jugendturnier201643-169x300.jpg 169w, https:\/\/schwarzedameosterfeld.de\/wp-content\/uploads\/2016\/08\/Jugendturnier201643-100x178.jpg 100w, https:\/\/schwarzedameosterfeld.de\/wp-content\/uploads\/2016\/08\/Jugendturnier201643-150x267.jpg 150w, https:\/\/schwarzedameosterfeld.de\/wp-content\/uploads\/2016\/08\/Jugendturnier201643-200x356.jpg 200w, https:\/\/schwarzedameosterfeld.de\/wp-content\/uploads\/2016\/08\/Jugendturnier201643-300x534.jpg 300w, https:\/\/schwarzedameosterfeld.de\/wp-content\/uploads\/2016\/08\/Jugendturnier201643-450x801.jpg 450w, https:\/\/schwarzedameosterfeld.de\/wp-content\/uploads\/2016\/08\/Jugendturnier201643-600x1068.jpg 600w, https:\/\/schwarzedameosterfeld.de\/wp-content\/uploads\/2016\/08\/Jugendturnier201643.jpg 607w\" sizes=\"auto, (max-width: 576px) 100vw, 576px\" \/><\/a><figcaption id=\"caption-attachment-862\" class=\"wp-caption-text\"><span style=\"color: yellow;\">Bruno Fiori mit Gesamtsieger Niclas Kohl (OSV 1887)<\/span><\/figcaption><\/figure>\n<p><a href=\"https:\/\/www.flickr.com\/photos\/136889139@N04\/albums\/72157672140135231\" target=\"_blank\" rel=\"noopener noreferrer\">Alle Fotos<\/a><\/p>\n<p><a href=\"https:\/\/schwarzedameosterfeld.de\/Archiv\/2016\/jugendturnier2016.html\" target=\"_blank\" rel=\"noopener noreferrer\">Tabelle<\/a><\/p>\n<p><span style=\"font-family: arial,helvetica,sans-serif; font-size: 12pt; color: yellow;\">Gesamtsieger: Niclas Kohl (OSV 1887)<br \/>\n2. Platz: Daniel Rohfleisch (SK Xanten)<br \/>\n3. Platz:Noel Gallas (SF Katernberg)<\/span><\/p>\n<p><span style=\"font-family: arial,helvetica,sans-serif; font-size: 12pt;\">Die Premiere des ersten Jugendturniers vom Schachclub Schwarze Dame Osterfeld 1988 verlief hervorragend. 38 Kinder und Jugendliche, teils von Vereinen aus Xanten, Dortmund, Gladbeck usw., kreuzten ohne einen einzigen Protest im gesamten Turnier die Klingen. Daran sollten sich die Gro\u00dfen mal ein Beispiel nehmen.<\/span><br \/>\n<span style=\"font-family: arial,helvetica,sans-serif; font-size: 12pt;\"> Der erste Pokalsieger stand schon von Anfang an fest, der j\u00fcngste Teilnehmer Daniel Kaganovych vom OSV 1887 z\u00e4hlte gerade mal 6 Lenzen und erreichte sogar 2 Siege aus 7 Partien.<\/span><br \/>\n<span style=\"font-family: arial,helvetica,sans-serif; font-size: 12pt;\"> Am oberen Ende der Altersskala stand mit Daniel Rohfleisch (SK Xanten) bei den U18 der Wertungszahlbeste Spieler mit knapp 1800 DWZ am Start. Lange Zeit f\u00fchrte er im Turnier, musste jedoch bis zum Schluss 1,5 Punkte abgeben und erreichte trotz allem den zweiten Platz.<\/span><br \/>\n<span style=\"font-family: arial,helvetica,sans-serif; font-size: 12pt;\"> Es gab sogar ein echtes Finale in der letzten Runde, als Noel Gallas von den Schachfreunden Katernberg gegen den Lokalmatador Niclas Kohl vom Oberhausener Schachverein von 1887 antrat.<\/span><br \/>\n<span style=\"font-family: arial,helvetica,sans-serif; font-size: 12pt;\"> Spielt Noel Remis w\u00e4re er Gesamtsieger und Niclas m\u00fcsste daf\u00fcr gewinnen; Niclas drehte so richtig auf und verwies den nominell st\u00e4rkeren Gegner in die Schranken. Das war der Turniersieg, allen einen herzlichen Gl\u00fcckwunsch!<a href=\"https:\/\/schwarzedameosterfeld.de\/wp-content\/uploads\/2016\/08\/Jugendturnier20161.jpg\"><img loading=\"lazy\" decoding=\"async\" class=\"alignright size-medium wp-image-864\" src=\"https:\/\/schwarzedameosterfeld.de\/wp-content\/uploads\/2016\/08\/Jugendturnier20161-300x168.jpg\" alt=\"Jugendturnier20161\" width=\"300\" height=\"168\" srcset=\"https:\/\/schwarzedameosterfeld.de\/wp-content\/uploads\/2016\/08\/Jugendturnier20161-300x168.jpg 300w, https:\/\/schwarzedameosterfeld.de\/wp-content\/uploads\/2016\/08\/Jugendturnier20161-768x431.jpg 768w, https:\/\/schwarzedameosterfeld.de\/wp-content\/uploads\/2016\/08\/Jugendturnier20161-1024x575.jpg 1024w, https:\/\/schwarzedameosterfeld.de\/wp-content\/uploads\/2016\/08\/Jugendturnier20161-100x56.jpg 100w, https:\/\/schwarzedameosterfeld.de\/wp-content\/uploads\/2016\/08\/Jugendturnier20161-150x84.jpg 150w, https:\/\/schwarzedameosterfeld.de\/wp-content\/uploads\/2016\/08\/Jugendturnier20161-200x112.jpg 200w, https:\/\/schwarzedameosterfeld.de\/wp-content\/uploads\/2016\/08\/Jugendturnier20161-450x253.jpg 450w, https:\/\/schwarzedameosterfeld.de\/wp-content\/uploads\/2016\/08\/Jugendturnier20161-600x337.jpg 600w, https:\/\/schwarzedameosterfeld.de\/wp-content\/uploads\/2016\/08\/Jugendturnier20161-900x505.jpg 900w, https:\/\/schwarzedameosterfeld.de\/wp-content\/uploads\/2016\/08\/Jugendturnier20161.jpg 1900w\" sizes=\"auto, (max-width: 300px) 100vw, 300px\" \/><\/a><\/span><\/p>\n<p><span style=\"color: yellow;\">Gesamtsieger: Niclas Kohl (OSV 1887)<br \/>\n2. Platz: Daniel Rohfleisch (SK Xanten)<br \/>\n3. Platz:Noel Gallas (SF Katernberg)<\/span><br \/>\n<span style=\"font-family: arial,helvetica,sans-serif; font-size: 12pt;\">Den M\u00e4dchenpokal bekam Larissa Barutta (Schwarz-Wei\u00df-Oberhausen).<\/span><br \/>\n<span style=\"font-family: arial,helvetica,sans-serif; font-size: 12pt;\">Zus\u00e4tzlich zu den Pokalen bekamen die restlichen Spieler alle eine Schachtroph\u00e4e und alle zusammen konnten unter Freikarten w\u00e4hlen wie &#8222;Heimspiel RWO&#8220;, &#8222;Gasometer&#8220;, &#8222;Schnupperpaddeln&#8220; und nat\u00fcrlich die Schwimmb\u00e4der in Oberhausen, allen voran der AquaPark als Lieblingsziel.<\/span><\/p>\n<p><span style=\"font-family: arial,helvetica,sans-serif; font-size: 12pt;\">Wir danken allen Sponsoren f\u00fcr die tollen Geschenke.<\/span><br \/>\n<span style=\"font-family: arial,helvetica,sans-serif; font-size: 12pt;\"> Die Planungen f\u00fcr das n\u00e4chste Turnier k\u00f6nnen beginnen.<\/span><\/p>\n<p>&nbsp;<\/p>\n","protected":false},"excerpt":{"rendered":"<p>Alle Fotos Tabelle Gesamtsieger: Niclas Kohl (OSV 1887) 2. Platz: Daniel Rohfleisch (SK Xanten) 3. Platz:Noel Gallas (SF Katernberg) Die Premiere des ersten Jugendturniers vom Schachclub Schwarze Dame Osterfeld 1988 [&hellip;]<\/p>\n","protected":false},"author":2,"featured_media":0,"parent":0,"menu_order":0,"comment_status":"closed","ping_status":"closed","template":"","meta":{"ngg_post_thumbnail":0,"footnotes":""},"class_list":["post-677","page","type-page","status-publish","hentry"],"_links":{"self":[{"href":"https:\/\/schwarzedameosterfeld.de\/index.php?rest_route=\/wp\/v2\/pages\/677","targetHints":{"allow":["GET"]}}],"collection":[{"href":"https:\/\/schwarzedameosterfeld.de\/index.php?rest_route=\/wp\/v2\/pages"}],"about":[{"href":"https:\/\/schwarzedameosterfeld.de\/index.php?rest_route=\/wp\/v2\/types\/page"}],"author":[{"embeddable":true,"href":"https:\/\/schwarzedameosterfeld.de\/index.php?rest_route=\/wp\/v2\/users\/2"}],"replies":[{"embeddable":true,"href":"https:\/\/schwarzedameosterfeld.de\/index.php?rest_route=%2Fwp%2Fv2%2Fcomments&post=677"}],"version-history":[{"count":0,"href":"https:\/\/schwarzedameosterfeld.de\/index.php?rest_route=\/wp\/v2\/pages\/677\/revisions"}],"wp:attachment":[{"href":"https:\/\/schwarzedameosterfeld.de\/index.php?rest_route=%2Fwp%2Fv2%2Fmedia&parent=677"}],"curies":[{"name":"wp","href":"https:\/\/api.w.org\/{rel}","templated":true}]}}