{"id":8,"date":"2015-10-30T22:50:24","date_gmt":"2015-10-30T22:50:24","guid":{"rendered":"https:\/\/schwarzedameosterfeld.de\/?page_id=8"},"modified":"2020-02-29T18:57:44","modified_gmt":"2020-02-29T17:57:44","slug":"mannschaften","status":"publish","type":"page","link":"https:\/\/schwarzedameosterfeld.de\/?page_id=8","title":{"rendered":"<span style=\"color: #f9e422;\">1. Mannschaft<\/span>"},"content":{"rendered":"<hr>\n<pre><span style=\"font-size: 14pt;\"><strong>Verbandsklasse Gr.3 Schachverband Ruhrgebiet<br>\r\nSchwarze Dame Osterfeld I\r\n<\/strong><\/span><\/pre>\n<p>Saison 2019\/20<\/p>\n<p><a href=\"http:\/\/nrw.svw.info\/ergebnisse\/show\/2019\/3221\/aufstellungen\/\" target=\"_blank\" rel=\"noopener noreferrer\">\u00dcbersicht Mannschaften<\/a><\/p>\n<p><a href=\"http:\/\/nrw.svw.info\/ergebnisse\/show\/2019\/3221\/\" target=\"_blank\" rel=\"noopener noreferrer\">Tabelle<\/a><\/p>\n<p><a href=\"http:\/\/nrw.svw.info\/ergebnisse\/show\/2019\/3221\/termin\/\" target=\"_blank\" rel=\"noopener noreferrer\">Termine<\/a><\/p>\n<p><a href=\"https:\/\/schwarzedameosterfeld.de\/?page_id=759\">Mannschaftsarchiv<\/a><\/p>\n<ul>\n<li><strong>Mannschaftsf\u00fchrer:<\/strong> Oliver Heisterkamp, Holtkampstr. 22, 46145 Oberhausen,<br \/>\nTel.: 0160-969 586 79, <em>E-mail:<\/em> <a href=\"mailto:ohc@me.com\">ohc@me.com<\/a><\/li>\n<li><strong>Postempf\u00e4nger:<\/strong> Bruno Fiori, Ostmarkstr. 26, 46117 Oberhausen,<br \/>\nTel.: 0208-896 231, <em>E-Mail:&nbsp;<\/em> <a href=\"mailto:brfiori1@aol.com\">brfiori1@aol.com<\/a><\/li>\n<li><strong>Sportst\u00e4tte:<\/strong> R\u00e4ume der Caritas, Kirchstr. 12, 46117 Oberhausen<br \/>\n50m entfernt vom alten Spiellokal.<\/li>\n<\/ul>\n<p>&nbsp;<\/p>\n<p>&nbsp;<\/p>\n<p style=\"text-align: center;\"><strong>Aktuelle Mannschaftsaufstellung 2019\/20<br \/>\n<\/strong><\/p>\n<h3>Losnr.: 5: Schwarze Dame Osterfeld 1 \u2014 VKZ: 61426<\/h3>\n<table class=\"aufstellung\" summary=\"Aufstellung von Schwarze Dame Osterfeld 1\">\n<thead>\n<tr>\n<th><abbr title=\"Rangnummer\">Rang<\/abbr><\/th>\n<th class=\"ieSp2\">Name<\/th>\n<th>Mgl-Nr.<\/th>\n<th>DWZ<\/th>\n<th class=\"dbl\"><abbr title=\"Rangnummer\">Rang<\/abbr><\/th>\n<th class=\"ieSp2\">Name<\/th>\n<th>Mgl-Nr.<\/th>\n<th>DWZ<\/th>\n<\/tr>\n<\/thead>\n<tbody>\n<tr class=\"odd\">\n<td>1<\/td>\n<td class=\"ieSp2\">Grewe, Ludger<\/td>\n<td>1016<\/td>\n<td>2123-202<\/td>\n<td class=\"dbl\">5<\/td>\n<td class=\"ieSp2\">Bensch, Arnold Heinrich<\/td>\n<td>0065<\/td>\n<td>1803-70<\/td>\n<\/tr>\n<tr class=\"even\">\n<td>2<\/td>\n<td class=\"ieSp2\">Laudage, Bernd<\/td>\n<td>0006<\/td>\n<td>2008-114<\/td>\n<td class=\"dbl\">6<\/td>\n<td class=\"ieSp2\">Jerig, Markus<\/td>\n<td>0004<\/td>\n<td>1735-85<\/td>\n<\/tr>\n<tr class=\"odd\">\n<td>3<\/td>\n<td class=\"ieSp2\">Fiori, Bruno<\/td>\n<td>0002<\/td>\n<td>1913-174<\/td>\n<td class=\"dbl\">7<\/td>\n<td class=\"ieSp2\">H\u00f6hn, Helmut<\/td>\n<td>1045<\/td>\n<td>1709-53<\/td>\n<\/tr>\n<tr class=\"even\">\n<td>4<\/td>\n<td class=\"ieSp2\">Heisterkamp, Oliver<\/td>\n<td>0066<\/td>\n<td>1891-60<\/td>\n<td class=\"dbl\">8<\/td>\n<td class=\"ieSp2\">Kyritsis, Christoph<\/td>\n<td>1035<\/td>\n<td>1600-48<\/td>\n<\/tr>\n<\/tbody>\n<tbody class=\"foot\">\n<tr>\n<td colspan=\"8\">Mannschaftsf\u00fchrer: Bernd Laudage, Christine-Teusch-Stra\u00dfe 10, 46240 Bottrop, Tel.: 02041 977921, <a>E-Mail<\/a><\/td>\n<\/tr>\n<tr>\n<td colspan=\"8\">Postempf\u00e4nger: Bruno Fiori, Ostmarkstra\u00dfe 26, 46117 Oberhausen, Tel.: 0208 896231, <a>E-Mail<\/a><\/td>\n<\/tr>\n<tr>\n<td colspan=\"8\">Sportst\u00e4tte: Caritas, Kirchstr. 12, 46117 Oberhausen<\/td>\n<\/tr>\n<\/tbody>\n<\/table>\n","protected":false},"excerpt":{"rendered":"<p>Verbandsklasse Gr.3 Schachverband Ruhrgebiet Schwarze Dame Osterfeld I Saison 2019\/20 \u00dcbersicht Mannschaften Tabelle Termine Mannschaftsarchiv Mannschaftsf\u00fchrer: Oliver Heisterkamp, Holtkampstr. 22, 46145 Oberhausen, Tel.: 0160-969 586 79, E-mail: ohc@me.com Postempf\u00e4nger: Bruno [&hellip;]<\/p>\n","protected":false},"author":2,"featured_media":0,"parent":0,"menu_order":1,"comment_status":"closed","ping_status":"closed","template":"","meta":{"ngg_post_thumbnail":0,"footnotes":""},"class_list":["post-8","page","type-page","status-publish","hentry"],"_links":{"self":[{"href":"https:\/\/schwarzedameosterfeld.de\/index.php?rest_route=\/wp\/v2\/pages\/8","targetHints":{"allow":["GET"]}}],"collection":[{"href":"https:\/\/schwarzedameosterfeld.de\/index.php?rest_route=\/wp\/v2\/pages"}],"about":[{"href":"https:\/\/schwarzedameosterfeld.de\/index.php?rest_route=\/wp\/v2\/types\/page"}],"author":[{"embeddable":true,"href":"https:\/\/schwarzedameosterfeld.de\/index.php?rest_route=\/wp\/v2\/users\/2"}],"replies":[{"embeddable":true,"href":"https:\/\/schwarzedameosterfeld.de\/index.php?rest_route=%2Fwp%2Fv2%2Fcomments&post=8"}],"version-history":[{"count":0,"href":"https:\/\/schwarzedameosterfeld.de\/index.php?rest_route=\/wp\/v2\/pages\/8\/revisions"}],"wp:attachment":[{"href":"https:\/\/schwarzedameosterfeld.de\/index.php?rest_route=%2Fwp%2Fv2%2Fmedia&parent=8"}],"curies":[{"name":"wp","href":"https:\/\/api.w.org\/{rel}","templated":true}]}}