{"id":8976,"date":"2020-05-13T01:17:40","date_gmt":"2020-05-12T23:17:40","guid":{"rendered":"https:\/\/schwarzedameosterfeld.de\/?page_id=8976"},"modified":"2022-11-03T06:52:46","modified_gmt":"2022-11-03T05:52:46","slug":"mitglied-werden","status":"publish","type":"page","link":"https:\/\/schwarzedameosterfeld.de\/?page_id=8976","title":{"rendered":"Mitglied werden"},"content":{"rendered":"<p><center><span style=\"color: #000000; font-size: 28px;\"><br \/>\n<a href=\"https:\/\/schwarzedameosterfeld.de\/wp-content\/uploads\/2020\/05\/schwarzegif-1.jpg\"><img loading=\"lazy\" decoding=\"async\" class=\"alignleft wp-image-8868 size-thumbnail\" src=\"https:\/\/schwarzedameosterfeld.de\/wp-content\/uploads\/2020\/05\/schwarzegif-1-150x150.jpg\" alt=\"\" width=\"150\" height=\"150\"><\/a>Hier gerne: Go to<\/span> <a href=\"mailto:brfiori1@aol.com\"><span style=\"font-size: 24px;\"><u>mail<\/u><\/span><\/a><\/center><center><\/center><span style=\"color: #ffff00;\"><strong>Die Mitgliedschaft ist j\u00e4hrlich<\/strong><\/span> und verl\u00e4ngert sich automatisch um 1 Jahr, falls nicht bis zum letztem Werktag im November (Eingang SDO, formlose mail gen\u00fcgt) zum 31.12. des Gesch\u00e4ftsjahres gek\u00fcndigt wird.<br \/>\nDer erste Jahresbeitrag wird erst ab Mitgliedschaft (Restmonate bis 31.12.\/<em>Minimum = Verbandsabgaben<\/em>) erhoben.<br \/>\nVom Finanzamt anerkannte Spendenbescheinigungen &#8211;<strong>nicht f\u00fcr Mitgliedsbeitr\u00e4ge<\/strong>&#8211; k\u00f6nnen erstellt werden.<\/p>\n<p><strong> Die Mitgliedsbeitr\u00e4ge sind:<br \/>\n<em>Zahlbar im voraus (halb- oder ganzj\u00e4hriger Beitrag)<\/em><\/strong><br \/>\n<strong>7,00 \u20ac (<em>im Monat\/ = 84,- Euro\/Jahr<\/em>) f\u00fcr Aktive Spieler<\/strong><br \/>\n<strong>4,00 \u20ac (<em>im Monat\/ = 48,- Euro\/Jahr<\/em>) f\u00fcr Jugendliche ab 15 bis zum vollendeten 20. Lebensjahr sowie Studenten, Auszubildene und passive Mitglieder<\/strong><\/p>\n<p><em>Jugendliche bis zum vollendeten 14. Lebensjahr sind als Vereinsmitglied trotz Verbandsabgaben <strong>Beitragsfrei<\/strong>, Unfallversichert und in der Liga spielberechtigt!<\/em><\/p>\n<p><span style=\"color: #ffff00;\">SDO zahlt f\u00fcr <strong>jedes<\/strong> Mitglied \u2013<em><strong>egal, ob aktiv oder passiv<\/strong><\/em>\u2013 folgende <strong>Jahresbeitr\u00e4ge <\/strong><\/span>an den Bezirk\/Verband\/NRW und Deutschen Schachbund:<br \/>\n<em>(Damit besteht eine Unfallversicherung \u00fcber die Sporthilfe NRW f\u00fcr unsere Mitglieder!<\/em><strong>)<br \/>\n<span style=\"color: #000000;\">Forderung f\u00fcr das Jahr im voraus, wenn am 1.1. gemeldet. (Bei sp\u00e4terem Eintritt wird am 31.12. anteilsm\u00e4\u00dfig nachgefordert!):<\/span><\/strong><br \/>\n0-9 Jahre: <span style=\"color: #000000;\"><strong>0,25\u20ac<\/strong><\/span> | 10-13: <span style=\"color: #000000;\"><strong>8,50\u20ac<\/strong><\/span> | 14-17: <span style=\"color: #000000;\"><strong>15,75\u20ac<\/strong><\/span> | ab 18: <span style=\"color: #000000;\"><strong>29,95\u20ac<\/strong><\/span><\/p>\n","protected":false},"excerpt":{"rendered":"<p>Hier gerne: Go to mailDie Mitgliedschaft ist j\u00e4hrlich und verl\u00e4ngert sich automatisch um 1 Jahr, falls nicht bis zum letztem Werktag im November (Eingang SDO, formlose mail gen\u00fcgt) zum 31.12. [&hellip;]<\/p>\n","protected":false},"author":2,"featured_media":0,"parent":0,"menu_order":0,"comment_status":"closed","ping_status":"closed","template":"","meta":{"ngg_post_thumbnail":0,"footnotes":""},"class_list":["post-8976","page","type-page","status-publish","hentry"],"_links":{"self":[{"href":"https:\/\/schwarzedameosterfeld.de\/index.php?rest_route=\/wp\/v2\/pages\/8976","targetHints":{"allow":["GET"]}}],"collection":[{"href":"https:\/\/schwarzedameosterfeld.de\/index.php?rest_route=\/wp\/v2\/pages"}],"about":[{"href":"https:\/\/schwarzedameosterfeld.de\/index.php?rest_route=\/wp\/v2\/types\/page"}],"author":[{"embeddable":true,"href":"https:\/\/schwarzedameosterfeld.de\/index.php?rest_route=\/wp\/v2\/users\/2"}],"replies":[{"embeddable":true,"href":"https:\/\/schwarzedameosterfeld.de\/index.php?rest_route=%2Fwp%2Fv2%2Fcomments&post=8976"}],"version-history":[{"count":1,"href":"https:\/\/schwarzedameosterfeld.de\/index.php?rest_route=\/wp\/v2\/pages\/8976\/revisions"}],"predecessor-version":[{"id":10517,"href":"https:\/\/schwarzedameosterfeld.de\/index.php?rest_route=\/wp\/v2\/pages\/8976\/revisions\/10517"}],"wp:attachment":[{"href":"https:\/\/schwarzedameosterfeld.de\/index.php?rest_route=%2Fwp%2Fv2%2Fmedia&parent=8976"}],"curies":[{"name":"wp","href":"https:\/\/api.w.org\/{rel}","templated":true}]}}